{"id":685,"date":"2025-09-04T17:56:36","date_gmt":"2025-09-04T17:56:36","guid":{"rendered":"https:\/\/mysisterslove.com\/homepage\/"},"modified":"2025-10-01T09:48:27","modified_gmt":"2025-10-01T09:48:27","slug":"homepage","status":"publish","type":"page","link":"https:\/\/mysisterslove.com\/en\/","title":{"rendered":"Homepage"},"content":{"rendered":"\t\t<div data-elementor-type=\"wp-page\" data-elementor-id=\"685\" class=\"elementor elementor-685 elementor-2\" data-elementor-post-type=\"page\">\n\t\t\t\t<div class=\"elementor-element elementor-element-c550d06 e-flex e-con-boxed e-con e-parent\" data-id=\"c550d06\" data-element_type=\"container\" data-e-type=\"container\">\n\t\t\t\t\t<div class=\"e-con-inner\">\n\t\t<div class=\"elementor-element elementor-element-393fcdc e-con-full e-flex e-con e-child\" data-id=\"393fcdc\" data-element_type=\"container\" data-e-type=\"container\">\n\t\t\t\t<div class=\"elementor-element elementor-element-b406b94 elementor-widget elementor-widget-heading\" data-id=\"b406b94\" data-element_type=\"widget\" data-e-type=\"widget\" data-widget_type=\"heading.default\">\n\t\t\t\t\t<h2 class=\"elementor-heading-title elementor-size-default\">Gourmet beauty<\/h2>\t\t\t\t<\/div>\n\t\t\t\t<div class=\"elementor-element elementor-element-980b9f2 elementor-widget elementor-widget-text-editor\" data-id=\"980b9f2\" data-element_type=\"widget\" data-e-type=\"widget\" data-widget_type=\"text-editor.default\">\n\t\t\t\t\t\t\t\t\t<p>My Sister\u2019s Love \u2013 ein Space von Frauen f\u00fcr Frauen.<\/p><p>Ein Ort, an dem Beauty, Wellness, Treatments, Styling, Bewegung und bewusste Ern\u00e4hrung treffen. Hier wird \u00c4sthetik, K\u00f6rper und Seele gelebt mit Pilates, Massagen, Clean Eating, Fashion und liebevollen Ritualen.<\/p><p>Zeitlos. Feminine. Transformativ.\u2028My Sister\u2019s Love ist kein Ort \u2013 es ist ein Sisterhood.<\/p>\t\t\t\t\t\t\t\t<\/div>\n\t\t\t\t<\/div>\n\t\t<div class=\"elementor-element elementor-element-5c5adf4 e-con-full e-flex e-con e-child\" data-id=\"5c5adf4\" data-element_type=\"container\" data-e-type=\"container\">\n\t\t\t\t<div class=\"elementor-element elementor-element-2f1ba67 elementor-widget elementor-widget-global elementor-global-230 elementor-widget-image\" data-id=\"2f1ba67\" data-element_type=\"widget\" data-e-type=\"widget\" id=\"popup-toggle\" data-widget_type=\"image.default\">\n\t\t\t\t\t\t\t\t\t\t\t\t\t\t\t\t<a href=\"#elementor-action%3Aaction%3Dpopup%3Aopen%26settings%3DeyJpZCI6NzMwLCJ0b2dnbGUiOnRydWV9\">\n\t\t\t\t\t\t\t<img decoding=\"async\" width=\"30\" height=\"12\" src=\"https:\/\/mysisterslove.com\/wp-content\/uploads\/2025\/09\/menu_icon.png\" class=\"attachment-full size-full wp-image-686\" alt=\"\" \/>\t\t\t\t\t\t\t\t<\/a>\n\t\t\t\t\t\t\t\t\t\t\t\t\t\t\t<\/div>\n\t\t\t\t<\/div>\n\t\t\t\t\t<\/div>\n\t\t\t\t<\/div>\n\t\t\t\t<\/div>\n\t\t","protected":false},"excerpt":{"rendered":"<p>Gourmet beauty My Sister\u2019s Love \u2013 ein Space von Frauen f\u00fcr Frauen. Ein Ort, an dem Beauty, Wellness, Treatments, Styling, Bewegung und bewusste Ern\u00e4hrung treffen. Hier wird \u00c4sthetik, K\u00f6rper und Seele gelebt mit Pilates, Massagen, Clean Eating, Fashion und liebevollen Ritualen. Zeitlos. Feminine. Transformativ.\u2028My Sister\u2019s Love ist kein Ort \u2013 es ist ein Sisterhood.<\/p>\n","protected":false},"author":1,"featured_media":0,"parent":0,"menu_order":0,"comment_status":"closed","ping_status":"closed","template":"elementor_header_footer","meta":{"inline_featured_image":false,"footnotes":""},"class_list":["post-685","page","type-page","status-publish","hentry"],"_links":{"self":[{"href":"https:\/\/mysisterslove.com\/en\/wp-json\/wp\/v2\/pages\/685","targetHints":{"allow":["GET"]}}],"collection":[{"href":"https:\/\/mysisterslove.com\/en\/wp-json\/wp\/v2\/pages"}],"about":[{"href":"https:\/\/mysisterslove.com\/en\/wp-json\/wp\/v2\/types\/page"}],"author":[{"embeddable":true,"href":"https:\/\/mysisterslove.com\/en\/wp-json\/wp\/v2\/users\/1"}],"replies":[{"embeddable":true,"href":"https:\/\/mysisterslove.com\/en\/wp-json\/wp\/v2\/comments?post=685"}],"version-history":[{"count":4,"href":"https:\/\/mysisterslove.com\/en\/wp-json\/wp\/v2\/pages\/685\/revisions"}],"predecessor-version":[{"id":761,"href":"https:\/\/mysisterslove.com\/en\/wp-json\/wp\/v2\/pages\/685\/revisions\/761"}],"wp:attachment":[{"href":"https:\/\/mysisterslove.com\/en\/wp-json\/wp\/v2\/media?parent=685"}],"curies":[{"name":"wp","href":"https:\/\/api.w.org\/{rel}","templated":true}]}}