{"id":690,"date":"2025-09-05T13:57:13","date_gmt":"2025-09-05T13:57:13","guid":{"rendered":"https:\/\/mysisterslove.com\/beauty-services\/massagen\/"},"modified":"2025-10-01T09:51:02","modified_gmt":"2025-10-01T09:51:02","slug":"massagen","status":"publish","type":"page","link":"https:\/\/mysisterslove.com\/en\/beauty-services\/massagen\/","title":{"rendered":"Massagen"},"content":{"rendered":"\t\t<div data-elementor-type=\"wp-page\" data-elementor-id=\"690\" class=\"elementor elementor-690 elementor-242\" data-elementor-post-type=\"page\">\n\t\t\t\t<div class=\"elementor-element elementor-element-be223f0 e-flex e-con-boxed e-con e-parent\" data-id=\"be223f0\" data-element_type=\"container\" data-e-type=\"container\">\n\t\t\t\t\t<div class=\"e-con-inner\">\n\t\t<div class=\"elementor-element elementor-element-1de7846 e-con-full e-flex e-con e-child\" data-id=\"1de7846\" data-element_type=\"container\" data-e-type=\"container\">\n\t\t\t\t<div class=\"elementor-element elementor-element-a6af6cc elementor-widget elementor-widget-heading\" data-id=\"a6af6cc\" data-element_type=\"widget\" data-e-type=\"widget\" data-widget_type=\"heading.default\">\n\t\t\t\t\t<h2 class=\"elementor-heading-title elementor-size-default\">Massagen<\/h2>\t\t\t\t<\/div>\n\t\t\t\t<div class=\"elementor-element elementor-element-59adcfb elementor-widget elementor-widget-text-editor\" data-id=\"59adcfb\" data-element_type=\"widget\" data-e-type=\"widget\" data-widget_type=\"text-editor.default\">\n\t\t\t\t\t\t\t\t\t<p>Massagen f\u00fcr Regeneration, Balance und neue Energie: Sportmassage, Entspannungsmassage und Anti-Cellulite-Massage. Von tiefenwirksam bis sanft, von beruhigend bis figurformend.<\/p><p>Gesichtsmassagen f\u00fcr Frische, Entspannung und strahlende Haut: Facialmassage mit Lifting-Effekt, besserer Durchblutung und Regeneration sowie sanfte, beruhigende Entspannungsmassage f\u00fcrs Gesicht.<\/p><p>Erlebe bei My Sister\u2019s Love eine v\u00f6llig neue Dimension der Kopfmassage. Unser sanft umschlie\u00dfender Massagehelm stimuliert die gesamte Kopfhaut mit gezielten Druck-, Vibrations- und W\u00e4rmeimpulsen. Diese innovative Technik sorgt f\u00fcr tiefe Entspannung, regt die Durchblutung an und l\u00f6st sp\u00fcrbar Verspannungen im Kopf-, Nacken- und Schl\u00e4fenbereich.<\/p><p>Perfekt als einzelne Anwendung oder in Kombination mit Gesichts- oder Nackenmassagen.<\/p>\t\t\t\t\t\t\t\t<\/div>\n\t\t\t\t<div class=\"elementor-element elementor-element-31cfc15 elementor-align-left elementor-widget elementor-widget-button\" data-id=\"31cfc15\" data-element_type=\"widget\" data-e-type=\"widget\" data-widget_type=\"button.default\">\n\t\t\t\t\t\t\t\t\t\t<a class=\"elementor-button elementor-button-link elementor-size-sm\" href=\"#elementor-action%3Aaction%3Dpopup%3Aopen%26settings%3DeyJpZCI6NzI4LCJ0b2dnbGUiOmZhbHNlfQ%3D%3D\" id=\"butID\">\n\t\t\t\t\t\t<span class=\"elementor-button-content-wrapper\">\n\t\t\t\t\t\t\t\t\t<span class=\"elementor-button-text\">Preisliste<\/span>\n\t\t\t\t\t<\/span>\n\t\t\t\t\t<\/a>\n\t\t\t\t\t\t\t\t<\/div>\n\t\t\t\t<\/div>\n\t\t<div class=\"elementor-element elementor-element-58b881f e-con-full e-flex e-con e-child\" data-id=\"58b881f\" data-element_type=\"container\" data-e-type=\"container\">\n\t\t\t\t<div class=\"elementor-element elementor-element-130fc90 elementor-widget elementor-widget-image\" data-id=\"130fc90\" data-element_type=\"widget\" data-e-type=\"widget\" id=\"popup-toggle\" data-widget_type=\"image.default\">\n\t\t\t\t\t\t\t\t\t\t\t\t\t\t\t\t<a href=\"#elementor-action%3Aaction%3Dpopup%3Aopen%26settings%3DeyJpZCI6NzI3LCJ0b2dnbGUiOnRydWV9\">\n\t\t\t\t\t\t\t<img decoding=\"async\" width=\"30\" height=\"12\" src=\"https:\/\/mysisterslove.com\/wp-content\/uploads\/2025\/09\/meni_icon_white.png\" class=\"attachment-full size-full wp-image-763\" alt=\"\" \/>\t\t\t\t\t\t\t\t<\/a>\n\t\t\t\t\t\t\t\t\t\t\t\t\t\t\t<\/div>\n\t\t\t\t<\/div>\n\t\t\t\t\t<\/div>\n\t\t\t\t<\/div>\n\t\t\t\t<\/div>\n\t\t","protected":false},"excerpt":{"rendered":"<p>Massagen Massagen f\u00fcr Regeneration, Balance und neue Energie: Sportmassage, Entspannungsmassage und Anti-Cellulite-Massage. Von tiefenwirksam bis sanft, von beruhigend bis figurformend. Gesichtsmassagen f\u00fcr Frische, Entspannung und strahlende Haut: Facialmassage mit Lifting-Effekt, besserer Durchblutung und Regeneration sowie sanfte, beruhigende Entspannungsmassage f\u00fcrs Gesicht. Erlebe bei My Sister\u2019s Love eine v\u00f6llig neue Dimension der Kopfmassage. Unser sanft umschlie\u00dfender Massagehelm [&hellip;]<\/p>\n","protected":false},"author":1,"featured_media":0,"parent":689,"menu_order":0,"comment_status":"closed","ping_status":"closed","template":"elementor_header_footer","meta":{"inline_featured_image":false,"footnotes":""},"class_list":["post-690","page","type-page","status-publish","hentry"],"_links":{"self":[{"href":"https:\/\/mysisterslove.com\/en\/wp-json\/wp\/v2\/pages\/690","targetHints":{"allow":["GET"]}}],"collection":[{"href":"https:\/\/mysisterslove.com\/en\/wp-json\/wp\/v2\/pages"}],"about":[{"href":"https:\/\/mysisterslove.com\/en\/wp-json\/wp\/v2\/types\/page"}],"author":[{"embeddable":true,"href":"https:\/\/mysisterslove.com\/en\/wp-json\/wp\/v2\/users\/1"}],"replies":[{"embeddable":true,"href":"https:\/\/mysisterslove.com\/en\/wp-json\/wp\/v2\/comments?post=690"}],"version-history":[{"count":4,"href":"https:\/\/mysisterslove.com\/en\/wp-json\/wp\/v2\/pages\/690\/revisions"}],"predecessor-version":[{"id":768,"href":"https:\/\/mysisterslove.com\/en\/wp-json\/wp\/v2\/pages\/690\/revisions\/768"}],"up":[{"embeddable":true,"href":"https:\/\/mysisterslove.com\/en\/wp-json\/wp\/v2\/pages\/689"}],"wp:attachment":[{"href":"https:\/\/mysisterslove.com\/en\/wp-json\/wp\/v2\/media?parent=690"}],"curies":[{"name":"wp","href":"https:\/\/api.w.org\/{rel}","templated":true}]}}