{"id":695,"date":"2025-09-13T13:09:24","date_gmt":"2025-09-13T13:09:24","guid":{"rendered":"https:\/\/mysisterslove.com\/beauty-services\/treatments\/"},"modified":"2025-10-01T09:57:05","modified_gmt":"2025-10-01T09:57:05","slug":"treatments","status":"publish","type":"page","link":"https:\/\/mysisterslove.com\/en\/beauty-services\/treatments\/","title":{"rendered":"Treatments"},"content":{"rendered":"\t\t<div data-elementor-type=\"wp-page\" data-elementor-id=\"695\" class=\"elementor elementor-695 elementor-488\" data-elementor-post-type=\"page\">\n\t\t\t\t<div class=\"elementor-element elementor-element-be223f0 e-flex e-con-boxed e-con e-parent\" data-id=\"be223f0\" data-element_type=\"container\" data-e-type=\"container\">\n\t\t\t\t\t<div class=\"e-con-inner\">\n\t\t<div class=\"elementor-element elementor-element-1de7846 e-con-full e-flex e-con e-child\" data-id=\"1de7846\" data-element_type=\"container\" data-e-type=\"container\">\n\t\t\t\t<div class=\"elementor-element elementor-element-a6af6cc elementor-widget elementor-widget-heading\" data-id=\"a6af6cc\" data-element_type=\"widget\" data-e-type=\"widget\" data-widget_type=\"heading.default\">\n\t\t\t\t\t<h2 class=\"elementor-heading-title elementor-size-default\">Treatments<\/h2>\t\t\t\t<\/div>\n\t\t\t\t<div class=\"elementor-element elementor-element-59adcfb elementor-widget elementor-widget-text-editor\" data-id=\"59adcfb\" data-element_type=\"widget\" data-e-type=\"widget\" data-widget_type=\"text-editor.default\">\n\t\t\t\t\t\t\t\t\t<p>Technologie f\u00fcr Sch\u00f6nheit mit Tiefe:\u00a0 Endosph\u00e8res \u2013 \u2028f\u00fcr Lymphaktivierung, Straffung und Detox.<br \/><br \/>Peelings f\u00fcr samtweiche, erfrischte Haut: Salz-Peeling \u2013 kl\u00e4rend und revitalisierend. Salz\u00f6l-Peeling \u2013 pflegend und n\u00e4hrend. Hyaluron-Packung f\u00fcr den ganzen K\u00f6rper \u2013 intensive Feuchtigkeit in nur 20 Minuten.<br \/><br \/>Rotlichttherapie<\/p>\t\t\t\t\t\t\t\t<\/div>\n\t\t\t\t<div class=\"elementor-element elementor-element-31cfc15 elementor-align-left elementor-widget elementor-widget-button\" data-id=\"31cfc15\" data-element_type=\"widget\" data-e-type=\"widget\" data-widget_type=\"button.default\">\n\t\t\t\t\t\t\t\t\t\t<a class=\"elementor-button elementor-button-link elementor-size-sm\" href=\"#elementor-action%3Aaction%3Dpopup%3Aopen%26settings%3DeyJpZCI6NzI2LCJ0b2dnbGUiOmZhbHNlfQ%3D%3D\" id=\"butID\">\n\t\t\t\t\t\t<span class=\"elementor-button-content-wrapper\">\n\t\t\t\t\t\t\t\t\t<span class=\"elementor-button-text\">Preisliste<\/span>\n\t\t\t\t\t<\/span>\n\t\t\t\t\t<\/a>\n\t\t\t\t\t\t\t\t<\/div>\n\t\t\t\t<\/div>\n\t\t<div class=\"elementor-element elementor-element-58b881f e-con-full e-flex e-con e-child\" data-id=\"58b881f\" data-element_type=\"container\" data-e-type=\"container\">\n\t\t\t\t<div class=\"elementor-element elementor-element-130fc90 elementor-widget elementor-widget-image\" data-id=\"130fc90\" data-element_type=\"widget\" data-e-type=\"widget\" id=\"popup-toggle\" data-widget_type=\"image.default\">\n\t\t\t\t\t\t\t\t\t\t\t\t\t\t\t\t<a href=\"#elementor-action%3Aaction%3Dpopup%3Aopen%26settings%3DeyJpZCI6NzI3LCJ0b2dnbGUiOnRydWV9\">\n\t\t\t\t\t\t\t<img decoding=\"async\" width=\"30\" height=\"12\" src=\"https:\/\/mysisterslove.com\/wp-content\/uploads\/2025\/09\/meni_icon_white.png\" class=\"attachment-full size-full wp-image-763\" alt=\"\" \/>\t\t\t\t\t\t\t\t<\/a>\n\t\t\t\t\t\t\t\t\t\t\t\t\t\t\t<\/div>\n\t\t\t\t<\/div>\n\t\t\t\t\t<\/div>\n\t\t\t\t<\/div>\n\t\t\t\t<\/div>\n\t\t","protected":false},"excerpt":{"rendered":"<p>Treatments Technologie f\u00fcr Sch\u00f6nheit mit Tiefe:\u00a0 Endosph\u00e8res \u2013 \u2028f\u00fcr Lymphaktivierung, Straffung und Detox. Peelings f\u00fcr samtweiche, erfrischte Haut: Salz-Peeling \u2013 kl\u00e4rend und revitalisierend. Salz\u00f6l-Peeling \u2013 pflegend und n\u00e4hrend. Hyaluron-Packung f\u00fcr den ganzen K\u00f6rper \u2013 intensive Feuchtigkeit in nur 20 Minuten. Rotlichttherapie Preisliste<\/p>\n","protected":false},"author":1,"featured_media":0,"parent":689,"menu_order":0,"comment_status":"closed","ping_status":"closed","template":"elementor_header_footer","meta":{"inline_featured_image":false,"footnotes":""},"class_list":["post-695","page","type-page","status-publish","hentry"],"_links":{"self":[{"href":"https:\/\/mysisterslove.com\/en\/wp-json\/wp\/v2\/pages\/695","targetHints":{"allow":["GET"]}}],"collection":[{"href":"https:\/\/mysisterslove.com\/en\/wp-json\/wp\/v2\/pages"}],"about":[{"href":"https:\/\/mysisterslove.com\/en\/wp-json\/wp\/v2\/types\/page"}],"author":[{"embeddable":true,"href":"https:\/\/mysisterslove.com\/en\/wp-json\/wp\/v2\/users\/1"}],"replies":[{"embeddable":true,"href":"https:\/\/mysisterslove.com\/en\/wp-json\/wp\/v2\/comments?post=695"}],"version-history":[{"count":4,"href":"https:\/\/mysisterslove.com\/en\/wp-json\/wp\/v2\/pages\/695\/revisions"}],"predecessor-version":[{"id":777,"href":"https:\/\/mysisterslove.com\/en\/wp-json\/wp\/v2\/pages\/695\/revisions\/777"}],"up":[{"embeddable":true,"href":"https:\/\/mysisterslove.com\/en\/wp-json\/wp\/v2\/pages\/689"}],"wp:attachment":[{"href":"https:\/\/mysisterslove.com\/en\/wp-json\/wp\/v2\/media?parent=695"}],"curies":[{"name":"wp","href":"https:\/\/api.w.org\/{rel}","templated":true}]}}