{"id":713,"date":"2025-09-14T19:14:38","date_gmt":"2025-09-14T19:14:38","guid":{"rendered":"https:\/\/mysisterslove.com\/store\/private-shopping-experience\/"},"modified":"2025-10-01T09:58:38","modified_gmt":"2025-10-01T09:58:38","slug":"private-shopping-experience","status":"publish","type":"page","link":"https:\/\/mysisterslove.com\/en\/store\/private-shopping-experience\/","title":{"rendered":"Private Shopping Experience"},"content":{"rendered":"\t\t<div data-elementor-type=\"wp-page\" data-elementor-id=\"713\" class=\"elementor elementor-713 elementor-586\" data-elementor-post-type=\"page\">\n\t\t\t\t<div class=\"elementor-element elementor-element-be223f0 e-flex e-con-boxed e-con e-parent\" data-id=\"be223f0\" data-element_type=\"container\" data-e-type=\"container\">\n\t\t\t\t\t<div class=\"e-con-inner\">\n\t\t<div class=\"elementor-element elementor-element-1de7846 e-con-full e-flex e-con e-child\" data-id=\"1de7846\" data-element_type=\"container\" data-e-type=\"container\">\n\t\t\t\t<div class=\"elementor-element elementor-element-a6af6cc elementor-widget elementor-widget-heading\" data-id=\"a6af6cc\" data-element_type=\"widget\" data-e-type=\"widget\" data-widget_type=\"heading.default\">\n\t\t\t\t\t<h2 class=\"elementor-heading-title elementor-size-default\">Private Shopping <br \/>Experience<\/h2>\t\t\t\t<\/div>\n\t\t\t\t<div class=\"elementor-element elementor-element-59adcfb elementor-widget elementor-widget-text-editor\" data-id=\"59adcfb\" data-element_type=\"widget\" data-e-type=\"widget\" data-widget_type=\"text-editor.default\">\n\t\t\t\t\t\t\t\t\t<p>Genie\u00dfen Sie ein exklusives Shopping-Erlebnis in unserem Showroom.<br \/><br \/>Buchen Sie Ihren pers\u00f6nlichen Termin und entdecken Sie die Kollektion in privater Atmosph\u00e4re.<br \/><br \/>Eine ganze Stunde lang steht Ihnen unser Showroom nur f\u00fcr Sie allein zur Verf\u00fcgung \u2013 mit Ruhe, Stil und ganz pers\u00f6nlicher Beratung. Probieren Sie Ihre Lieblingsst\u00fccke in entspannter Umgebung an und lassen Sie sich inspirieren.<\/p>\t\t\t\t\t\t\t\t<\/div>\n\t\t\t\t<div class=\"elementor-element elementor-element-31cfc15 elementor-align-left elementor-widget elementor-widget-button\" data-id=\"31cfc15\" data-element_type=\"widget\" data-e-type=\"widget\" data-widget_type=\"button.default\">\n\t\t\t\t\t\t\t\t\t\t<a class=\"elementor-button elementor-button-link elementor-size-sm\" href=\"#elementor-action%3Aaction%3Dpopup%3Aopen%26settings%3DeyJpZCI6NzI4LCJ0b2dnbGUiOmZhbHNlfQ%3D%3D\" id=\"butID\">\n\t\t\t\t\t\t<span class=\"elementor-button-content-wrapper\">\n\t\t\t\t\t\t\t\t\t<span class=\"elementor-button-text\">Booking<\/span>\n\t\t\t\t\t<\/span>\n\t\t\t\t\t<\/a>\n\t\t\t\t\t\t\t\t<\/div>\n\t\t\t\t<\/div>\n\t\t<div class=\"elementor-element elementor-element-58b881f e-con-full e-flex e-con e-child\" data-id=\"58b881f\" data-element_type=\"container\" data-e-type=\"container\">\n\t\t\t\t<div class=\"elementor-element elementor-element-bbdfa1b elementor-widget elementor-widget-image\" data-id=\"bbdfa1b\" data-element_type=\"widget\" data-e-type=\"widget\" id=\"popup-toggle\" data-widget_type=\"image.default\">\n\t\t\t\t\t\t\t\t\t\t\t\t\t\t\t\t<a href=\"#elementor-action%3Aaction%3Dpopup%3Aopen%26settings%3DeyJpZCI6NzMwLCJ0b2dnbGUiOnRydWV9\">\n\t\t\t\t\t\t\t<img decoding=\"async\" width=\"30\" height=\"12\" src=\"https:\/\/mysisterslove.com\/wp-content\/uploads\/2025\/09\/menu_icon.png\" class=\"attachment-full size-full wp-image-686\" alt=\"\" \/>\t\t\t\t\t\t\t\t<\/a>\n\t\t\t\t\t\t\t\t\t\t\t\t\t\t\t<\/div>\n\t\t\t\t<\/div>\n\t\t\t\t\t<\/div>\n\t\t\t\t<\/div>\n\t\t\t\t<\/div>\n\t\t","protected":false},"excerpt":{"rendered":"<p>Private Shopping Experience Genie\u00dfen Sie ein exklusives Shopping-Erlebnis in unserem Showroom. Buchen Sie Ihren pers\u00f6nlichen Termin und entdecken Sie die Kollektion in privater Atmosph\u00e4re. Eine ganze Stunde lang steht Ihnen unser Showroom nur f\u00fcr Sie allein zur Verf\u00fcgung \u2013 mit Ruhe, Stil und ganz pers\u00f6nlicher Beratung. Probieren Sie Ihre Lieblingsst\u00fccke in entspannter Umgebung an und [&hellip;]<\/p>\n","protected":false},"author":1,"featured_media":0,"parent":706,"menu_order":0,"comment_status":"closed","ping_status":"closed","template":"elementor_header_footer","meta":{"inline_featured_image":false,"footnotes":""},"class_list":["post-713","page","type-page","status-publish","hentry"],"_links":{"self":[{"href":"https:\/\/mysisterslove.com\/en\/wp-json\/wp\/v2\/pages\/713","targetHints":{"allow":["GET"]}}],"collection":[{"href":"https:\/\/mysisterslove.com\/en\/wp-json\/wp\/v2\/pages"}],"about":[{"href":"https:\/\/mysisterslove.com\/en\/wp-json\/wp\/v2\/types\/page"}],"author":[{"embeddable":true,"href":"https:\/\/mysisterslove.com\/en\/wp-json\/wp\/v2\/users\/1"}],"replies":[{"embeddable":true,"href":"https:\/\/mysisterslove.com\/en\/wp-json\/wp\/v2\/comments?post=713"}],"version-history":[{"count":4,"href":"https:\/\/mysisterslove.com\/en\/wp-json\/wp\/v2\/pages\/713\/revisions"}],"predecessor-version":[{"id":795,"href":"https:\/\/mysisterslove.com\/en\/wp-json\/wp\/v2\/pages\/713\/revisions\/795"}],"up":[{"embeddable":true,"href":"https:\/\/mysisterslove.com\/en\/wp-json\/wp\/v2\/pages\/706"}],"wp:attachment":[{"href":"https:\/\/mysisterslove.com\/en\/wp-json\/wp\/v2\/media?parent=713"}],"curies":[{"name":"wp","href":"https:\/\/api.w.org\/{rel}","templated":true}]}}